{"id":18,"date":"2023-12-11T07:55:31","date_gmt":"2023-12-11T07:55:31","guid":{"rendered":"https:\/\/koncertzale.baltaisfligelis.lv\/?page_id=18"},"modified":"2023-12-11T07:57:22","modified_gmt":"2023-12-11T07:57:22","slug":"kontakti","status":"publish","type":"page","link":"https:\/\/koncertzale.baltaisfligelis.lv\/index.php\/kontakti\/","title":{"rendered":"KONTAKTI"},"content":{"rendered":"\n<p><strong><br>Koncertz\u0101les adrese: \u0160veices iela 19, Sigulda, LV-2150<br>T\u0101lr.: 67974787, mob. 29571713<\/strong><\/p>\n\n\n\n<h3 class=\"wp-block-heading\">BI\u013bE\u0160U IEG\u0100DE<\/h3>\n\n\n\n<p>Bi\u013cetes var ieg\u0101d\u0101ties:<\/p>\n\n\n\n<ul class=\"wp-block-list\">\n<li>koncertz\u0101les &#8220;Baltais Fl\u012b\u0123elis&#8221; kas\u0113, \u0160veices iel\u0101 19, Siguld\u0101, vienu stundu pirms koncerta norises.<\/li>\n\n\n\n<li>&#8220;Bi\u013ce\u0161u Parad\u012bze&#8221; tirdzniec\u012bbas viet\u0101s un www.bilesuparadize.lv.<\/li>\n<\/ul>\n\n\n\n<ul class=\"wp-block-list\">\n<li><\/li>\n<\/ul>\n\n\n\n<h3 class=\"wp-block-heading\">TELPU NOMA<\/h3>\n\n\n\n<p>Pied\u0101v\u0101jam iesp\u0113ju koncertz\u0101l\u0113 r\u012bkot koncertus, semin\u0101rus, konferences, pas\u0101kumus.<br>Z\u0101le &#8211; 250 s\u0113dvietas<br>Inform\u0101cija: t\u0101lr.+ 371&nbsp;29571713&nbsp;vai e-pasts&nbsp;<strong><a href=\"mailto:kristaps.kirsteins@baltaisfligelis.lv\">kristaps.kirsteins@baltaisfligelis.lv<\/a><\/strong><\/p>\n\n\n\n<p>Koncertz\u0101les vad\u012bt\u0101js Kristaps Kir\u0161teins<\/p>\n\n\n\n<p>t\u0101lr.29571713,&nbsp;<a href=\"mailto:kristaps.kirsteins@baltaisfligelis.lv\">kristaps.kirsteins@baltaisfligelis.lv<\/a><\/p>\n","protected":false},"excerpt":{"rendered":"<p>Koncertz\u0101les adrese: \u0160veices iela 19, Sigulda, LV-2150T\u0101lr.: 67974787, mob. 29571713 BI\u013bE\u0160U IEG\u0100DE Bi\u013cetes var ieg\u0101d\u0101ties: TELPU NOMA Pied\u0101v\u0101jam iesp\u0113ju koncertz\u0101l\u0113 r\u012bkot koncertus, semin\u0101rus, konferences, pas\u0101kumus.Z\u0101le &#8211; 250 s\u0113dvietasInform\u0101cija: t\u0101lr.+ 371&nbsp;29571713&nbsp;vai e-pasts&nbsp;kristaps.kirsteins@baltaisfligelis.lv Koncertz\u0101les vad\u012bt\u0101js Kristaps Kir\u0161teins t\u0101lr.29571713,&nbsp;kristaps.kirsteins@baltaisfligelis.lv<\/p>\n","protected":false},"author":1,"featured_media":0,"parent":0,"menu_order":0,"comment_status":"closed","ping_status":"closed","template":"","meta":{"neve_meta_sidebar":"","neve_meta_container":"","neve_meta_enable_content_width":"","neve_meta_content_width":0,"neve_meta_title_alignment":"","neve_meta_author_avatar":"","neve_post_elements_order":"","neve_meta_disable_header":"","neve_meta_disable_footer":"","neve_meta_disable_title":"","footnotes":""},"class_list":["post-18","page","type-page","status-publish","hentry"],"_links":{"self":[{"href":"https:\/\/koncertzale.baltaisfligelis.lv\/index.php\/wp-json\/wp\/v2\/pages\/18","targetHints":{"allow":["GET"]}}],"collection":[{"href":"https:\/\/koncertzale.baltaisfligelis.lv\/index.php\/wp-json\/wp\/v2\/pages"}],"about":[{"href":"https:\/\/koncertzale.baltaisfligelis.lv\/index.php\/wp-json\/wp\/v2\/types\/page"}],"author":[{"embeddable":true,"href":"https:\/\/koncertzale.baltaisfligelis.lv\/index.php\/wp-json\/wp\/v2\/users\/1"}],"replies":[{"embeddable":true,"href":"https:\/\/koncertzale.baltaisfligelis.lv\/index.php\/wp-json\/wp\/v2\/comments?post=18"}],"version-history":[{"count":2,"href":"https:\/\/koncertzale.baltaisfligelis.lv\/index.php\/wp-json\/wp\/v2\/pages\/18\/revisions"}],"predecessor-version":[{"id":20,"href":"https:\/\/koncertzale.baltaisfligelis.lv\/index.php\/wp-json\/wp\/v2\/pages\/18\/revisions\/20"}],"wp:attachment":[{"href":"https:\/\/koncertzale.baltaisfligelis.lv\/index.php\/wp-json\/wp\/v2\/media?parent=18"}],"curies":[{"name":"wp","href":"https:\/\/api.w.org\/{rel}","templated":true}]}}